{"id":6147,"date":"2021-03-30T00:21:48","date_gmt":"2021-03-29T21:21:48","guid":{"rendered":"https:\/\/www.bobatee.ee\/?page_id=6147"},"modified":"2025-08-22T15:21:07","modified_gmt":"2025-08-22T12:21:07","slug":"kohvikud","status":"publish","type":"page","link":"https:\/\/www.bobatee.ee\/ru\/kohvikud\/","title":{"rendered":"Kohvikud"},"content":{"rendered":"\t\t<div data-elementor-type=\"wp-page\" data-elementor-id=\"6147\" class=\"elementor elementor-6147 elementor-5153\">\n\t\t\t\t\t\t<section class=\"elementor-section elementor-top-section elementor-element elementor-element-1da88f2 elementor-section-boxed elementor-section-height-default elementor-section-height-default\" data-id=\"1da88f2\" data-element_type=\"section\" data-settings=\"{&quot;background_background&quot;:&quot;classic&quot;}\">\n\t\t\t\t\t\t\t<div class=\"elementor-background-overlay\"><\/div>\n\t\t\t\t\t\t\t<div class=\"elementor-container elementor-column-gap-default\">\n\t\t\t\t\t<div class=\"elementor-column elementor-col-100 elementor-top-column elementor-element elementor-element-2d0f124\" data-id=\"2d0f124\" data-element_type=\"column\" data-settings=\"{&quot;background_background&quot;:&quot;classic&quot;}\">\n\t\t\t<div class=\"elementor-widget-wrap elementor-element-populated\">\n\t\t\t\t\t\t<section class=\"elementor-section elementor-inner-section elementor-element elementor-element-d462914 elementor-section-boxed elementor-section-height-default elementor-section-height-default\" data-id=\"d462914\" data-element_type=\"section\">\n\t\t\t\t\t\t<div class=\"elementor-container elementor-column-gap-default\">\n\t\t\t\t\t<div class=\"elementor-column elementor-col-50 elementor-inner-column elementor-element elementor-element-d674ab1\" data-id=\"d674ab1\" data-element_type=\"column\">\n\t\t\t<div class=\"elementor-widget-wrap elementor-element-populated\">\n\t\t\t\t\t\t<div class=\"elementor-element elementor-element-621ea72 elementor-widget elementor-widget-heading\" data-id=\"621ea72\" data-element_type=\"widget\" data-widget_type=\"heading.default\">\n\t\t\t\t<div class=\"elementor-widget-container\">\n\t\t\t\t\t<h2 class=\"elementor-heading-title elementor-size-default\">Magistrali kohvik<\/h2>\t\t\t\t<\/div>\n\t\t\t\t<\/div>\n\t\t\t\t<div class=\"elementor-element elementor-element-9e0a6fe elementor-widget elementor-widget-heading\" data-id=\"9e0a6fe\" data-element_type=\"widget\" data-widget_type=\"heading.default\">\n\t\t\t\t<div class=\"elementor-widget-container\">\n\t\t\t\t\t<h5 class=\"elementor-heading-title elementor-size-default\">Bobatee.ee\n\n<\/h5>\t\t\t\t<\/div>\n\t\t\t\t<\/div>\n\t\t\t\t<div class=\"elementor-element elementor-element-b6ce53e elementor-widget elementor-widget-text-editor\" data-id=\"b6ce53e\" data-element_type=\"widget\" data-widget_type=\"text-editor.default\">\n\t\t\t\t<div class=\"elementor-widget-container\">\n\t\t\t\t\t\t\t\t\t<p>Bobatee.ee kohvik pakub premium boba, premium kohvi ja v\u00e4ga k\u00f5rge kvaliteediga matchat. Meie valikust leiavad k\u00f5ik k\u00fclastajad endale sobiliku joogi. Kohvikus pakume meile kuuluva brandi Shokomille toodangut. Shokomille valmistab premium \u0161okolaadist imemaitsvaid tooteid.\u00a0<\/p>\t\t\t\t\t\t\t\t<\/div>\n\t\t\t\t<\/div>\n\t\t\t\t<div class=\"elementor-element elementor-element-af78f2f premium-mobile-type-row premium-type-column elementor-widget elementor-widget-premium-icon-list\" data-id=\"af78f2f\" data-element_type=\"widget\" data-settings=\"{&quot;rbadges_repeater&quot;:[]}\" data-widget_type=\"premium-icon-list.default\">\n\t\t\t\t<div class=\"elementor-widget-container\">\n\t\t\t\t\t\t\t\t<ul class=\"premium-bullet-list-box\">\r\n\t\t\r\n\t\t\t<li class=\"premium-bullet-list-content elementor-repeater-item-7cb07ea\">\r\n\t\t\t\t<div class=\"premium-bullet-list-text\">\r\n\t\t\t\t\t\t\t\t<div class=\"premium-bullet-list-wrapper\">\r\n\t\t\t\t\t<div class=\"premium-drawable-icon\"><i class=\"premium-svg-nodraw fas fa-address-card\" aria-hidden=\"true\"><\/i><\/div>\t\t\t\t<\/div>\r\n\t\t\t\t\r\n\t\t\t\t<span   data-text=\"S\u00f5pruse pst. 201, Tallinn \"> S\u00f5pruse pst. 201, Tallinn  <\/span>\r\n\t\t\t\t<\/div>\r\n\r\n\t\t\t\t\r\n\t\t\t\t\r\n\t\t\t<\/li>\r\n\r\n\t\t\t\t\r\n\t\t\t<li class=\"premium-bullet-list-content elementor-repeater-item-00b6a3a\">\r\n\t\t\t\t<div class=\"premium-bullet-list-text\">\r\n\t\t\t\t\t\t\t\t<div class=\"premium-bullet-list-wrapper\">\r\n\t\t\t\t\t<div class=\"premium-drawable-icon\"><i class=\"premium-svg-nodraw fas fa-location-arrow\" aria-hidden=\"true\"><\/i><\/div>\t\t\t\t<\/div>\r\n\t\t\t\t\r\n\t\t\t\t<span   data-text=\"Magistrali keskus 1 korrus, sissep\u00e4\u00e4s \u00f5uest\"> Magistrali keskus 1 korrus, sissep\u00e4\u00e4s \u00f5uest <\/span>\r\n\t\t\t\t<\/div>\r\n\r\n\t\t\t\t\r\n\t\t\t\t\r\n\t\t\t<\/li>\r\n\r\n\t\t\t\t\r\n\t\t\t<li class=\"premium-bullet-list-content elementor-repeater-item-1b41fec\">\r\n\t\t\t\t<div class=\"premium-bullet-list-text\">\r\n\t\t\t\t\t\t\t\t<div class=\"premium-bullet-list-wrapper\">\r\n\t\t\t\t\t<div class=\"premium-drawable-icon\"><i class=\"premium-svg-nodraw fas fa-phone-alt\" aria-hidden=\"true\"><\/i><\/div>\t\t\t\t<\/div>\r\n\t\t\t\t\r\n\t\t\t\t<span   data-text=\"+372 53333264\"> +372 53333264 <\/span>\r\n\t\t\t\t<\/div>\r\n\r\n\t\t\t\t\r\n\t\t\t\t\t\t\t\t\t<a class=\"premium-bullet-list-link\" aria-label=\"+372 53333264\" href=\"tel:%20+37253333264\" call=\"\">\r\n\t\t\t\t\t\t<span>+372 53333264<\/span>\r\n\t\t\t\t\t<\/a>\r\n\t\t\t\t\r\n\t\t\t<\/li>\r\n\r\n\t\t\t\t\r\n\t\t\t<li class=\"premium-bullet-list-content elementor-repeater-item-0a49fbb\">\r\n\t\t\t\t<div class=\"premium-bullet-list-text\">\r\n\t\t\t\t\t\t\t\t<div class=\"premium-bullet-list-wrapper\">\r\n\t\t\t\t\t<div class=\"premium-drawable-icon\"><i class=\"premium-svg-nodraw fas fa-clock\" aria-hidden=\"true\"><\/i><\/div>\t\t\t\t<\/div>\r\n\t\t\t\t\r\n\t\t\t\t<span   data-text=\"E-P 12:00-19:00 \"> E-P 12:00-19:00  <\/span>\r\n\t\t\t\t<\/div>\r\n\r\n\t\t\t\t\r\n\t\t\t\t\r\n\t\t\t<\/li>\r\n\r\n\t\t\t\t\t\t<\/ul>\r\n\t\t\t\t\t\t<\/div>\n\t\t\t\t<\/div>\n\t\t\t\t\t<\/div>\n\t\t<\/div>\n\t\t\t\t<div class=\"elementor-column elementor-col-50 elementor-inner-column elementor-element elementor-element-237ebc4\" data-id=\"237ebc4\" data-element_type=\"column\">\n\t\t\t<div class=\"elementor-widget-wrap elementor-element-populated\">\n\t\t\t\t\t\t<div class=\"elementor-element elementor-element-dc8a2ae elementor-hidden-phone elementor-widget elementor-widget-image\" data-id=\"dc8a2ae\" data-element_type=\"widget\" data-widget_type=\"image.default\">\n\t\t\t\t<div class=\"elementor-widget-container\">\n\t\t\t\t\t\t\t\t\t\t\t\t\t\t\t<img fetchpriority=\"high\" decoding=\"async\" width=\"768\" height=\"1024\" src=\"https:\/\/www.bobatee.ee\/wp-content\/uploads\/2025\/08\/bobatee-magistrali-kohvikus-parim-bobatee-768x1024.jpg\" class=\"attachment-large size-large wp-image-12467\" alt=\"\" srcset=\"https:\/\/www.bobatee.ee\/wp-content\/uploads\/2025\/08\/bobatee-magistrali-kohvikus-parim-bobatee-768x1024.jpg 768w, https:\/\/www.bobatee.ee\/wp-content\/uploads\/2025\/08\/bobatee-magistrali-kohvikus-parim-bobatee-225x300.jpg 225w, https:\/\/www.bobatee.ee\/wp-content\/uploads\/2025\/08\/bobatee-magistrali-kohvikus-parim-bobatee.jpg 1125w\" sizes=\"(max-width: 768px) 100vw, 768px\" \/>\t\t\t\t\t\t\t\t\t\t\t\t\t\t\t<\/div>\n\t\t\t\t<\/div>\n\t\t\t\t\t<\/div>\n\t\t<\/div>\n\t\t\t\t\t<\/div>\n\t\t<\/section>\n\t\t\t\t<div class=\"elementor-element elementor-element-e32347a elementor-widget elementor-widget-google_maps\" data-id=\"e32347a\" data-element_type=\"widget\" data-widget_type=\"google_maps.default\">\n\t\t\t\t<div class=\"elementor-widget-container\">\n\t\t\t\t\t\t\t<div class=\"elementor-custom-embed\">\n\t\t\t<iframe loading=\"lazy\"\n\t\t\t\t\tsrc=\"https:\/\/maps.google.com\/maps?q=S%C3%B5pruse%20pst.%20201%2F203&#038;t=m&#038;z=18&#038;output=embed&#038;iwloc=near\"\n\t\t\t\t\ttitle=\"S\u00f5pruse pst. 201\/203\"\n\t\t\t\t\taria-label=\"S\u00f5pruse pst. 201\/203\"\n\t\t\t><\/iframe>\n\t\t<\/div>\n\t\t\t\t\t\t<\/div>\n\t\t\t\t<\/div>\n\t\t\t\t<section class=\"elementor-section elementor-inner-section elementor-element elementor-element-10a3c28 elementor-section-boxed elementor-section-height-default elementor-section-height-default\" data-id=\"10a3c28\" data-element_type=\"section\">\n\t\t\t\t\t\t<div class=\"elementor-container elementor-column-gap-default\">\n\t\t\t\t\t<div class=\"elementor-column elementor-col-50 elementor-inner-column elementor-element elementor-element-aeaef77\" data-id=\"aeaef77\" data-element_type=\"column\">\n\t\t\t<div class=\"elementor-widget-wrap elementor-element-populated\">\n\t\t\t\t\t\t<div class=\"elementor-element elementor-element-f9ad432 elementor-hidden-phone elementor-widget elementor-widget-image\" data-id=\"f9ad432\" data-element_type=\"widget\" data-widget_type=\"image.default\">\n\t\t\t\t<div class=\"elementor-widget-container\">\n\t\t\t\t\t\t\t\t\t\t\t\t\t\t\t<img decoding=\"async\" width=\"1024\" height=\"768\" src=\"https:\/\/www.bobatee.ee\/wp-content\/uploads\/2025\/08\/bobatee-kesklinna-kohvik-1024x768.jpg\" class=\"attachment-large size-large wp-image-12290\" alt=\"\" srcset=\"https:\/\/www.bobatee.ee\/wp-content\/uploads\/2025\/08\/bobatee-kesklinna-kohvik-1024x768.jpg 1024w, https:\/\/www.bobatee.ee\/wp-content\/uploads\/2025\/08\/bobatee-kesklinna-kohvik-300x225.jpg 300w, https:\/\/www.bobatee.ee\/wp-content\/uploads\/2025\/08\/bobatee-kesklinna-kohvik-768x576.jpg 768w, https:\/\/www.bobatee.ee\/wp-content\/uploads\/2025\/08\/bobatee-kesklinna-kohvik-1536x1152.jpg 1536w, https:\/\/www.bobatee.ee\/wp-content\/uploads\/2025\/08\/bobatee-kesklinna-kohvik-2048x1536.jpg 2048w\" sizes=\"(max-width: 1024px) 100vw, 1024px\" \/>\t\t\t\t\t\t\t\t\t\t\t\t\t\t\t<\/div>\n\t\t\t\t<\/div>\n\t\t\t\t\t<\/div>\n\t\t<\/div>\n\t\t\t\t<div class=\"elementor-column elementor-col-50 elementor-inner-column elementor-element elementor-element-c59558b\" data-id=\"c59558b\" data-element_type=\"column\">\n\t\t\t<div class=\"elementor-widget-wrap elementor-element-populated\">\n\t\t\t\t\t\t<div class=\"elementor-element elementor-element-2e6789f elementor-widget elementor-widget-heading\" data-id=\"2e6789f\" data-element_type=\"widget\" data-widget_type=\"heading.default\">\n\t\t\t\t<div class=\"elementor-widget-container\">\n\t\t\t\t\t<h2 class=\"elementor-heading-title elementor-size-default\">Kesklinna kohvik<\/h2>\t\t\t\t<\/div>\n\t\t\t\t<\/div>\n\t\t\t\t<div class=\"elementor-element elementor-element-1016ddf elementor-widget elementor-widget-heading\" data-id=\"1016ddf\" data-element_type=\"widget\" data-widget_type=\"heading.default\">\n\t\t\t\t<div class=\"elementor-widget-container\">\n\t\t\t\t\t<h5 class=\"elementor-heading-title elementor-size-default\">Bobatee.ee\n\n<\/h5>\t\t\t\t<\/div>\n\t\t\t\t<\/div>\n\t\t\t\t<div class=\"elementor-element elementor-element-d01a9fd elementor-widget elementor-widget-text-editor\" data-id=\"d01a9fd\" data-element_type=\"widget\" data-widget_type=\"text-editor.default\">\n\t\t\t\t<div class=\"elementor-widget-container\">\n\t\t\t\t\t\t\t\t\t<p>Kohvik pakub premium boba, premium kohvi ja v\u00e4ga k\u00f5rge kvaliteediga matchat. Meie valikust leiavad k\u00f5ik k\u00fclastajad endale sobiliku joogi. Kohvikus pakume\u00a0 Shokomille premium \u0161okolaadist imemaitsvaid tooteid.\u00a0<\/p>\t\t\t\t\t\t\t\t<\/div>\n\t\t\t\t<\/div>\n\t\t\t\t<div class=\"elementor-element elementor-element-c6295a0 premium-mobile-type-row premium-type-column elementor-widget elementor-widget-premium-icon-list\" data-id=\"c6295a0\" data-element_type=\"widget\" data-settings=\"{&quot;rbadges_repeater&quot;:[]}\" data-widget_type=\"premium-icon-list.default\">\n\t\t\t\t<div class=\"elementor-widget-container\">\n\t\t\t\t\t\t\t\t<ul class=\"premium-bullet-list-box\">\r\n\t\t\r\n\t\t\t<li class=\"premium-bullet-list-content elementor-repeater-item-7cb07ea\">\r\n\t\t\t\t<div class=\"premium-bullet-list-text\">\r\n\t\t\t\t\t\t\t\t<div class=\"premium-bullet-list-wrapper\">\r\n\t\t\t\t\t<div class=\"premium-drawable-icon\"><i class=\"premium-svg-nodraw fas fa-address-card\" aria-hidden=\"true\"><\/i><\/div>\t\t\t\t<\/div>\r\n\t\t\t\t\r\n\t\t\t\t<span   data-text=\"P\u00e4rnu mnt. 46, Tallinn \"> P\u00e4rnu mnt. 46, Tallinn  <\/span>\r\n\t\t\t\t<\/div>\r\n\r\n\t\t\t\t\r\n\t\t\t\t\r\n\t\t\t<\/li>\r\n\r\n\t\t\t\t\r\n\t\t\t<li class=\"premium-bullet-list-content elementor-repeater-item-0a49fbb\">\r\n\t\t\t\t<div class=\"premium-bullet-list-text\">\r\n\t\t\t\t\t\t\t\t<div class=\"premium-bullet-list-wrapper\">\r\n\t\t\t\t\t<div class=\"premium-drawable-icon\"><i class=\"premium-svg-nodraw fas fa-clock\" aria-hidden=\"true\"><\/i><\/div>\t\t\t\t<\/div>\r\n\t\t\t\t\r\n\t\t\t\t<span   data-text=\"E-L 11:00-19:00 \"> E-L 11:00-19:00  <\/span>\r\n\t\t\t\t<\/div>\r\n\r\n\t\t\t\t\r\n\t\t\t\t\r\n\t\t\t<\/li>\r\n\r\n\t\t\t\t\r\n\t\t\t<li class=\"premium-bullet-list-content elementor-repeater-item-7185176\">\r\n\t\t\t\t<div class=\"premium-bullet-list-text\">\r\n\t\t\t\t\t\t\t\t<div class=\"premium-bullet-list-wrapper\">\r\n\t\t\t\t\t<div class=\"premium-drawable-icon\"><i class=\"premium-svg-nodraw fas fa-phone-alt\" aria-hidden=\"true\"><\/i><\/div>\t\t\t\t<\/div>\r\n\t\t\t\t\r\n\t\t\t\t<span   data-text=\"+372 53333264\"> +372 53333264 <\/span>\r\n\t\t\t\t<\/div>\r\n\r\n\t\t\t\t\r\n\t\t\t\t\r\n\t\t\t<\/li>\r\n\r\n\t\t\t\t\t\t<\/ul>\r\n\t\t\t\t\t\t<\/div>\n\t\t\t\t<\/div>\n\t\t\t\t\t<\/div>\n\t\t<\/div>\n\t\t\t\t\t<\/div>\n\t\t<\/section>\n\t\t\t\t<div class=\"elementor-element elementor-element-c752840 elementor-widget elementor-widget-google_maps\" data-id=\"c752840\" data-element_type=\"widget\" data-widget_type=\"google_maps.default\">\n\t\t\t\t<div class=\"elementor-widget-container\">\n\t\t\t\t\t\t\t<div class=\"elementor-custom-embed\">\n\t\t\t<iframe loading=\"lazy\"\n\t\t\t\t\tsrc=\"https:\/\/maps.google.com\/maps?q=P%C3%A4rnu%20mnt.%2046&#038;t=m&#038;z=18&#038;output=embed&#038;iwloc=near\"\n\t\t\t\t\ttitle=\"P\u00e4rnu mnt. 46\"\n\t\t\t\t\taria-label=\"P\u00e4rnu mnt. 46\"\n\t\t\t><\/iframe>\n\t\t<\/div>\n\t\t\t\t\t\t<\/div>\n\t\t\t\t<\/div>\n\t\t\t\t\t<\/div>\n\t\t<\/div>\n\t\t\t\t\t<\/div>\n\t\t<\/section>\n\t\t\t\t<\/div>\n\t\t","protected":false},"excerpt":{"rendered":"<p>Magistrali kohvik Bobatee.ee Bobatee.ee kohvik pakub premium boba, premium kohvi ja v\u00e4ga k\u00f5rge kvaliteediga matchat. Meie valikust leiavad k\u00f5ik k\u00fclastajad endale sobiliku joogi. Kohvikus pakume meile kuuluva brandi Shokomille toodangut. Shokomille valmistab premium \u0161okolaadist imemaitsvaid tooteid. S\u00f5pruse pst. 201, Tallinn Magistrali keskus 1 korrus, sissep\u00e4\u00e4s \u00f5uest +372 53333264 +372 53333264 E-P 12:00-19:00 Kesklinna kohvik Bobatee.ee [&hellip;]<\/p>\n","protected":false},"author":1,"featured_media":0,"parent":0,"menu_order":0,"comment_status":"closed","ping_status":"closed","template":"","meta":{"site-sidebar-layout":"no-sidebar","site-content-layout":"page-builder","ast-site-content-layout":"","site-content-style":"default","site-sidebar-style":"default","ast-global-header-display":"","ast-banner-title-visibility":"","ast-main-header-display":"","ast-hfb-above-header-display":"","ast-hfb-below-header-display":"","ast-hfb-mobile-header-display":"","site-post-title":"disabled","ast-breadcrumbs-content":"","ast-featured-img":"disabled","footer-sml-layout":"","theme-transparent-header-meta":"default","adv-header-id-meta":"","stick-header-meta":"","header-above-stick-meta":"","header-main-stick-meta":"","header-below-stick-meta":"","astra-migrate-meta-layouts":"set","ast-page-background-enabled":"default","ast-page-background-meta":{"desktop":{"background-color":"","background-image":"","background-repeat":"repeat","background-position":"center center","background-size":"auto","background-attachment":"scroll","background-type":"","background-media":"","overlay-type":"","overlay-color":"","overlay-opacity":"","overlay-gradient":""},"tablet":{"background-color":"","background-image":"","background-repeat":"repeat","background-position":"center center","background-size":"auto","background-attachment":"scroll","background-type":"","background-media":"","overlay-type":"","overlay-color":"","overlay-opacity":"","overlay-gradient":""},"mobile":{"background-color":"","background-image":"","background-repeat":"repeat","background-position":"center center","background-size":"auto","background-attachment":"scroll","background-type":"","background-media":"","overlay-type":"","overlay-color":"","overlay-opacity":"","overlay-gradient":""}},"ast-content-background-meta":{"desktop":{"background-color":"var(--ast-global-color-5)","background-image":"","background-repeat":"repeat","background-position":"center center","background-size":"auto","background-attachment":"scroll","background-type":"","background-media":"","overlay-type":"","overlay-color":"","overlay-opacity":"","overlay-gradient":""},"tablet":{"background-color":"var(--ast-global-color-5)","background-image":"","background-repeat":"repeat","background-position":"center center","background-size":"auto","background-attachment":"scroll","background-type":"","background-media":"","overlay-type":"","overlay-color":"","overlay-opacity":"","overlay-gradient":""},"mobile":{"background-color":"var(--ast-global-color-5)","background-image":"","background-repeat":"repeat","background-position":"center center","background-size":"auto","background-attachment":"scroll","background-type":"","background-media":"","overlay-type":"","overlay-color":"","overlay-opacity":"","overlay-gradient":""}},"footnotes":""},"class_list":["post-6147","page","type-page","status-publish","hentry"],"yoast_head":"<!-- This site is optimized with the Yoast SEO plugin v27.5 - https:\/\/yoast.com\/product\/yoast-seo-wordpress\/ -->\n<title>Kohvikud - Bobatee.ee<\/title>\n<meta name=\"robots\" content=\"index, follow, max-snippet:-1, max-image-preview:large, max-video-preview:-1\" \/>\n<link rel=\"canonical\" href=\"https:\/\/www.bobatee.ee\/ru\/kohvikud\/\" \/>\n<meta property=\"og:locale\" content=\"ru_RU\" \/>\n<meta property=\"og:type\" content=\"article\" \/>\n<meta property=\"og:title\" content=\"Kohvikud - Bobatee.ee\" \/>\n<meta property=\"og:description\" content=\"Magistrali kohvik Bobatee.ee Bobatee.ee kohvik pakub premium boba, premium kohvi ja v\u00e4ga k\u00f5rge kvaliteediga matchat. Meie valikust leiavad k\u00f5ik k\u00fclastajad endale sobiliku joogi. Kohvikus pakume meile kuuluva brandi Shokomille toodangut. Shokomille valmistab premium \u0161okolaadist imemaitsvaid tooteid. S\u00f5pruse pst. 201, Tallinn Magistrali keskus 1 korrus, sissep\u00e4\u00e4s \u00f5uest +372 53333264 +372 53333264 E-P 12:00-19:00 Kesklinna kohvik Bobatee.ee [&hellip;]\" \/>\n<meta property=\"og:url\" content=\"https:\/\/www.bobatee.ee\/ru\/kohvikud\/\" \/>\n<meta property=\"og:site_name\" content=\"Bobatee.ee\" \/>\n<meta property=\"article:modified_time\" content=\"2025-08-22T12:21:07+00:00\" \/>\n<meta property=\"og:image\" content=\"https:\/\/www.bobatee.ee\/wp-content\/uploads\/2025\/08\/bobatee-magistrali-kohvikus-parim-bobatee-768x1024.jpg\" \/>\n<meta name=\"twitter:card\" content=\"summary_large_image\" \/>\n<meta name=\"twitter:label1\" content=\"\u041f\u0440\u0438\u043c\u0435\u0440\u043d\u043e\u0435 \u0432\u0440\u0435\u043c\u044f \u0434\u043b\u044f \u0447\u0442\u0435\u043d\u0438\u044f\" \/>\n\t<meta name=\"twitter:data1\" content=\"1 \u043c\u0438\u043d\u0443\u0442\u0430\" \/>\n<script type=\"application\/ld+json\" class=\"yoast-schema-graph\">{\"@context\":\"https:\\\/\\\/schema.org\",\"@graph\":[{\"@type\":\"WebPage\",\"@id\":\"https:\\\/\\\/www.bobatee.ee\\\/ru\\\/kohvikud\\\/\",\"url\":\"https:\\\/\\\/www.bobatee.ee\\\/ru\\\/kohvikud\\\/\",\"name\":\"Kohvikud - Bobatee.ee\",\"isPartOf\":{\"@id\":\"https:\\\/\\\/www.bobatee.ee\\\/ru\\\/#website\"},\"primaryImageOfPage\":{\"@id\":\"https:\\\/\\\/www.bobatee.ee\\\/ru\\\/kohvikud\\\/#primaryimage\"},\"image\":{\"@id\":\"https:\\\/\\\/www.bobatee.ee\\\/ru\\\/kohvikud\\\/#primaryimage\"},\"thumbnailUrl\":\"https:\\\/\\\/www.bobatee.ee\\\/wp-content\\\/uploads\\\/2025\\\/08\\\/bobatee-magistrali-kohvikus-parim-bobatee-768x1024.jpg\",\"datePublished\":\"2021-03-29T21:21:48+00:00\",\"dateModified\":\"2025-08-22T12:21:07+00:00\",\"breadcrumb\":{\"@id\":\"https:\\\/\\\/www.bobatee.ee\\\/ru\\\/kohvikud\\\/#breadcrumb\"},\"inLanguage\":\"ru-RU\",\"potentialAction\":[{\"@type\":\"ReadAction\",\"target\":[\"https:\\\/\\\/www.bobatee.ee\\\/ru\\\/kohvikud\\\/\"]}]},{\"@type\":\"ImageObject\",\"inLanguage\":\"ru-RU\",\"@id\":\"https:\\\/\\\/www.bobatee.ee\\\/ru\\\/kohvikud\\\/#primaryimage\",\"url\":\"https:\\\/\\\/www.bobatee.ee\\\/wp-content\\\/uploads\\\/2025\\\/08\\\/bobatee-magistrali-kohvikus-parim-bobatee-768x1024.jpg\",\"contentUrl\":\"https:\\\/\\\/www.bobatee.ee\\\/wp-content\\\/uploads\\\/2025\\\/08\\\/bobatee-magistrali-kohvikus-parim-bobatee-768x1024.jpg\"},{\"@type\":\"BreadcrumbList\",\"@id\":\"https:\\\/\\\/www.bobatee.ee\\\/ru\\\/kohvikud\\\/#breadcrumb\",\"itemListElement\":[{\"@type\":\"ListItem\",\"position\":1,\"name\":\"Home\",\"item\":\"https:\\\/\\\/www.bobatee.ee\\\/ru\\\/\"},{\"@type\":\"ListItem\",\"position\":2,\"name\":\"Kohvikud\"}]},{\"@type\":\"WebSite\",\"@id\":\"https:\\\/\\\/www.bobatee.ee\\\/ru\\\/#website\",\"url\":\"https:\\\/\\\/www.bobatee.ee\\\/ru\\\/\",\"name\":\"Bobatee.ee\",\"description\":\"Maitsev elamus Bubble tee armastajale\",\"publisher\":{\"@id\":\"https:\\\/\\\/www.bobatee.ee\\\/ru\\\/#organization\"},\"potentialAction\":[{\"@type\":\"SearchAction\",\"target\":{\"@type\":\"EntryPoint\",\"urlTemplate\":\"https:\\\/\\\/www.bobatee.ee\\\/ru\\\/?s={search_term_string}\"},\"query-input\":{\"@type\":\"PropertyValueSpecification\",\"valueRequired\":true,\"valueName\":\"search_term_string\"}}],\"inLanguage\":\"ru-RU\"},{\"@type\":\"Organization\",\"@id\":\"https:\\\/\\\/www.bobatee.ee\\\/ru\\\/#organization\",\"name\":\"EliX Health Baltic O\u00dc\",\"url\":\"https:\\\/\\\/www.bobatee.ee\\\/ru\\\/\",\"logo\":{\"@type\":\"ImageObject\",\"inLanguage\":\"ru-RU\",\"@id\":\"https:\\\/\\\/www.bobatee.ee\\\/ru\\\/#\\\/schema\\\/logo\\\/image\\\/\",\"url\":\"https:\\\/\\\/www.bobatee.ee\\\/wp-content\\\/uploads\\\/2025\\\/08\\\/bobatee-logo-circle.svg\",\"contentUrl\":\"https:\\\/\\\/www.bobatee.ee\\\/wp-content\\\/uploads\\\/2025\\\/08\\\/bobatee-logo-circle.svg\",\"width\":500,\"height\":500,\"caption\":\"EliX Health Baltic O\u00dc\"},\"image\":{\"@id\":\"https:\\\/\\\/www.bobatee.ee\\\/ru\\\/#\\\/schema\\\/logo\\\/image\\\/\"}}]}<\/script>\n<!-- \/ Yoast SEO plugin. -->","yoast_head_json":{"title":"Kohvikud - Bobatee.ee","robots":{"index":"index","follow":"follow","max-snippet":"max-snippet:-1","max-image-preview":"max-image-preview:large","max-video-preview":"max-video-preview:-1"},"canonical":"https:\/\/www.bobatee.ee\/ru\/kohvikud\/","og_locale":"ru_RU","og_type":"article","og_title":"Kohvikud - Bobatee.ee","og_description":"Magistrali kohvik Bobatee.ee Bobatee.ee kohvik pakub premium boba, premium kohvi ja v\u00e4ga k\u00f5rge kvaliteediga matchat. Meie valikust leiavad k\u00f5ik k\u00fclastajad endale sobiliku joogi. Kohvikus pakume meile kuuluva brandi Shokomille toodangut. Shokomille valmistab premium \u0161okolaadist imemaitsvaid tooteid. S\u00f5pruse pst. 201, Tallinn Magistrali keskus 1 korrus, sissep\u00e4\u00e4s \u00f5uest +372 53333264 +372 53333264 E-P 12:00-19:00 Kesklinna kohvik Bobatee.ee [&hellip;]","og_url":"https:\/\/www.bobatee.ee\/ru\/kohvikud\/","og_site_name":"Bobatee.ee","article_modified_time":"2025-08-22T12:21:07+00:00","og_image":[{"url":"https:\/\/www.bobatee.ee\/wp-content\/uploads\/2025\/08\/bobatee-magistrali-kohvikus-parim-bobatee-768x1024.jpg","type":"","width":"","height":""}],"twitter_card":"summary_large_image","twitter_misc":{"\u041f\u0440\u0438\u043c\u0435\u0440\u043d\u043e\u0435 \u0432\u0440\u0435\u043c\u044f \u0434\u043b\u044f \u0447\u0442\u0435\u043d\u0438\u044f":"1 \u043c\u0438\u043d\u0443\u0442\u0430"},"schema":{"@context":"https:\/\/schema.org","@graph":[{"@type":"WebPage","@id":"https:\/\/www.bobatee.ee\/ru\/kohvikud\/","url":"https:\/\/www.bobatee.ee\/ru\/kohvikud\/","name":"Kohvikud - Bobatee.ee","isPartOf":{"@id":"https:\/\/www.bobatee.ee\/ru\/#website"},"primaryImageOfPage":{"@id":"https:\/\/www.bobatee.ee\/ru\/kohvikud\/#primaryimage"},"image":{"@id":"https:\/\/www.bobatee.ee\/ru\/kohvikud\/#primaryimage"},"thumbnailUrl":"https:\/\/www.bobatee.ee\/wp-content\/uploads\/2025\/08\/bobatee-magistrali-kohvikus-parim-bobatee-768x1024.jpg","datePublished":"2021-03-29T21:21:48+00:00","dateModified":"2025-08-22T12:21:07+00:00","breadcrumb":{"@id":"https:\/\/www.bobatee.ee\/ru\/kohvikud\/#breadcrumb"},"inLanguage":"ru-RU","potentialAction":[{"@type":"ReadAction","target":["https:\/\/www.bobatee.ee\/ru\/kohvikud\/"]}]},{"@type":"ImageObject","inLanguage":"ru-RU","@id":"https:\/\/www.bobatee.ee\/ru\/kohvikud\/#primaryimage","url":"https:\/\/www.bobatee.ee\/wp-content\/uploads\/2025\/08\/bobatee-magistrali-kohvikus-parim-bobatee-768x1024.jpg","contentUrl":"https:\/\/www.bobatee.ee\/wp-content\/uploads\/2025\/08\/bobatee-magistrali-kohvikus-parim-bobatee-768x1024.jpg"},{"@type":"BreadcrumbList","@id":"https:\/\/www.bobatee.ee\/ru\/kohvikud\/#breadcrumb","itemListElement":[{"@type":"ListItem","position":1,"name":"Home","item":"https:\/\/www.bobatee.ee\/ru\/"},{"@type":"ListItem","position":2,"name":"Kohvikud"}]},{"@type":"WebSite","@id":"https:\/\/www.bobatee.ee\/ru\/#website","url":"https:\/\/www.bobatee.ee\/ru\/","name":"Bobatee.ee","description":"Maitsev elamus Bubble tee armastajale","publisher":{"@id":"https:\/\/www.bobatee.ee\/ru\/#organization"},"potentialAction":[{"@type":"SearchAction","target":{"@type":"EntryPoint","urlTemplate":"https:\/\/www.bobatee.ee\/ru\/?s={search_term_string}"},"query-input":{"@type":"PropertyValueSpecification","valueRequired":true,"valueName":"search_term_string"}}],"inLanguage":"ru-RU"},{"@type":"Organization","@id":"https:\/\/www.bobatee.ee\/ru\/#organization","name":"EliX Health Baltic O\u00dc","url":"https:\/\/www.bobatee.ee\/ru\/","logo":{"@type":"ImageObject","inLanguage":"ru-RU","@id":"https:\/\/www.bobatee.ee\/ru\/#\/schema\/logo\/image\/","url":"https:\/\/www.bobatee.ee\/wp-content\/uploads\/2025\/08\/bobatee-logo-circle.svg","contentUrl":"https:\/\/www.bobatee.ee\/wp-content\/uploads\/2025\/08\/bobatee-logo-circle.svg","width":500,"height":500,"caption":"EliX Health Baltic O\u00dc"},"image":{"@id":"https:\/\/www.bobatee.ee\/ru\/#\/schema\/logo\/image\/"}}]}},"_links":{"self":[{"href":"https:\/\/www.bobatee.ee\/ru\/wp-json\/wp\/v2\/pages\/6147","targetHints":{"allow":["GET"]}}],"collection":[{"href":"https:\/\/www.bobatee.ee\/ru\/wp-json\/wp\/v2\/pages"}],"about":[{"href":"https:\/\/www.bobatee.ee\/ru\/wp-json\/wp\/v2\/types\/page"}],"author":[{"embeddable":true,"href":"https:\/\/www.bobatee.ee\/ru\/wp-json\/wp\/v2\/users\/1"}],"replies":[{"embeddable":true,"href":"https:\/\/www.bobatee.ee\/ru\/wp-json\/wp\/v2\/comments?post=6147"}],"version-history":[{"count":5,"href":"https:\/\/www.bobatee.ee\/ru\/wp-json\/wp\/v2\/pages\/6147\/revisions"}],"predecessor-version":[{"id":12785,"href":"https:\/\/www.bobatee.ee\/ru\/wp-json\/wp\/v2\/pages\/6147\/revisions\/12785"}],"wp:attachment":[{"href":"https:\/\/www.bobatee.ee\/ru\/wp-json\/wp\/v2\/media?parent=6147"}],"curies":[{"name":"wp","href":"https:\/\/api.w.org\/{rel}","templated":true}]}}